{"id":288,"date":"2023-01-09T16:22:51","date_gmt":"2023-01-09T16:22:51","guid":{"rendered":"https:\/\/rukamokki.fi\/?page_id=288"},"modified":"2023-01-09T16:24:03","modified_gmt":"2023-01-09T16:24:03","slug":"tietosuojaseloste","status":"publish","type":"page","link":"https:\/\/rukamokki.fi\/en\/tietosuojaseloste\/","title":{"rendered":"Tietosuojaseloste"},"content":{"rendered":"<p>[et_pb_section fb_built=&#8221;1&#8243; theme_builder_area=&#8221;post_content&#8221; _builder_version=&#8221;4.19.4&#8243; _module_preset=&#8221;default&#8221;][et_pb_row _builder_version=&#8221;4.19.4&#8243; _module_preset=&#8221;default&#8221; theme_builder_area=&#8221;post_content&#8221;][et_pb_column _builder_version=&#8221;4.19.4&#8243; _module_preset=&#8221;default&#8221; type=&#8221;4_4&#8243; theme_builder_area=&#8221;post_content&#8221;][et_pb_text _builder_version=&#8221;4.19.4&#8243; _module_preset=&#8221;default&#8221; theme_builder_area=&#8221;post_content&#8221; hover_enabled=&#8221;0&#8243; sticky_enabled=&#8221;0&#8243;]<\/p>\n<h1>Tietosuoja- ja rekisteriseloste<\/h1>\n<p>T\u00e4m\u00e4 on Rukan Kide:n EU:n yleisen tietosuoja-asetuksen (GDPR) mukainen rekisteri- ja tietosuojaseloste. Laadittu 1.1.2023. Viimeisin muutos 9.1.2023.<\/p>\n<p><strong>1. Rekisterinpit\u00e4j\u00e4<\/strong><br \/>Rukan Kide<\/p>\n<p><strong>2. Rekisterist\u00e4 vastaava yhteyshenkil\u00f6<\/strong><br \/>Rukan Kide, rukankide@rukamokki.fi, 040 750 7448<\/p>\n<p><strong>3. Rekisterin nimi<\/strong><br \/>Vuokraustoiminta<\/p>\n<p><strong>4. Oikeusperuste ja henkil\u00f6tietojen k\u00e4sittelyn tarkoitus<\/strong><br \/>EU:n yleisen tietosuoja-asetuksen mukainen oikeusperuste henkil\u00f6tietojen k\u00e4sittelylle on<\/p>\n<p>henkil\u00f6n suostumus (dokumentoitu, vapaaehtoinen, yksil\u00f6ity, tietoinen ja yksiselitteinen)<br \/>sopimus, jossa rekister\u00f6ity on osapuolena<br \/>laki<br \/>julkisen teht\u00e4v\u00e4n hoitaminen, tai<br \/>rekisterinpit\u00e4j\u00e4n oikeutettu etu (esim. j\u00e4senyys).<br \/>Henkil\u00f6tietojen k\u00e4sittelyn tarkoitus on yhteydenpito asiakkaisiin, asiakassuhteen yll\u00e4pito, tiedottaminen tms. Tietoja ei k\u00e4ytet\u00e4 automatisoituun p\u00e4\u00e4t\u00f6ksentekoon tai profilointiin.<\/p>\n<p><strong>5. Rekisterin tietosis\u00e4lt\u00f6<\/strong><br \/>Rekisteriin tallennettavia tietoja ovat: henkil\u00f6n nimi, yhteystiedot (puhelinnumero, s\u00e4hk\u00f6postiosoite, osoite)<\/p>\n<p>Verkkosivuston vierailijoiden IP-osoitteita ja palvelun toiminnoille v\u00e4ltt\u00e4m\u00e4tt\u00f6mi\u00e4 ev\u00e4steit\u00e4 k\u00e4sitell\u00e4\u00e4n oikeutetun edun perusteella mm. tietoturvasta huolehtimiseksi ja sivuston vierailijoiden tilastotietojen keruuta varten niiss\u00e4 tapauksissa, kun niiden voidaan katsoa olevan henkil\u00f6tietoja. Kolmansien osapuolten ev\u00e4steille pyydet\u00e4\u00e4n tarvittaessa suostumus erikseen.<\/p>\n<p><strong>6. S\u00e4\u00e4nn\u00f6nmukaiset tietol\u00e4hteet<\/strong><br \/>Rekisteriin tallennettavat tiedot saadaan asiakkaalta mm. www-lomakkeilla l\u00e4hetetyist\u00e4 viesteist\u00e4, s\u00e4hk\u00f6postitse, puhelimitse, sosiaalisen median palvelujen kautta, asiakastapaamisista ja muista tilanteista, joissa asiakas luovuttaa tietojaan.<\/p>\n<p><strong>7. Tietojen s\u00e4\u00e4nn\u00f6nmukaiset luovutukset ja tietojen siirto EU:n tai ETA:n ulkopuolelle<\/strong><br \/>Tietoja ei luovuteta s\u00e4\u00e4nn\u00f6nmukaisesti muille tahoille. Tietoja voidaan julkaista silt\u00e4 osin kuin niin on sovittu asiakkaan kanssa.<\/p>\n<p><strong>8. Rekisterin suojauksen periaatteet<\/strong><br \/>Rekisterin k\u00e4sittelyss\u00e4 noudatetaan huolellisuutta ja tietoj\u00e4rjestelmien avulla k\u00e4sitelt\u00e4v\u00e4t tiedot suojataan asianmukaisesti. Kun rekisteritietoja s\u00e4ilytet\u00e4\u00e4n Internet-palvelimilla, niiden laitteiston fyysisest\u00e4 ja digitaalisesta tietoturvasta huolehditaan asiaankuuluvasti. Rekisterinpit\u00e4j\u00e4 huolehtii siit\u00e4, ett\u00e4 tallennettuja tietoja sek\u00e4 palvelimien k\u00e4ytt\u00f6oikeuksia ja muita henkil\u00f6tietojen turvallisuuden kannalta kriittisi\u00e4 tietoja k\u00e4sitell\u00e4\u00e4n luottamuksellisesti ja vain niiden ty\u00f6ntekij\u00f6iden toimesta, joiden ty\u00f6nkuvaan se kuuluu.<\/p>\n<p><strong>9. Tarkastusoikeus ja oikeus vaatia tiedon korjaamista<\/strong><br \/>Jokaisella rekisteriss\u00e4 olevalla henkil\u00f6ll\u00e4 on oikeus tarkistaa rekisteriin tallennetut tietonsa ja vaatia mahdollisen virheellisen tiedon korjaamista tai puutteellisen tiedon t\u00e4ydent\u00e4mist\u00e4. Mik\u00e4li henkil\u00f6 haluaa tarkistaa h\u00e4nest\u00e4 tallennetut tiedot tai vaatia niihin oikaisua, pyynt\u00f6 tulee rekisterinpit\u00e4j\u00e4lle. Rekisterinpit\u00e4j\u00e4 voi pyyt\u00e4\u00e4 tarvittaessa pyynn\u00f6n esitt\u00e4j\u00e4\u00e4 todistamaan henkil\u00f6llisyytens\u00e4. Rekisterinpit\u00e4j\u00e4 vastaa asiakkaalle EU:n tietosuoja-asetuksessa s\u00e4\u00e4detyss\u00e4 ajassa (p\u00e4\u00e4s\u00e4\u00e4nt\u00f6isesti kuukauden kuluessa).<\/p>\n<p><strong>10. Muut henkil\u00f6tietojen k\u00e4sittelyyn liittyv\u00e4t oikeudet<\/strong><br \/>Rekisteriss\u00e4 olevalla henkil\u00f6ll\u00e4 on oikeus pyyt\u00e4\u00e4 h\u00e4nt\u00e4 koskevien henkil\u00f6tietojen poistamiseen rekisterist\u00e4 (\u201doikeus tulla unohdetuksi\u201d). Niin ik\u00e4\u00e4n rekister\u00f6idyill\u00e4 on muut EU:n yleisen tietosuoja-asetuksen mukaiset oikeudet kuten henkil\u00f6tietojen k\u00e4sittelyn rajoittaminen tietyiss\u00e4 tilanteissa. Pyynn\u00f6t tulee l\u00e4hett\u00e4\u00e4 kirjallisesti rekisterinpit\u00e4j\u00e4lle. Rekisterinpit\u00e4j\u00e4 voi pyyt\u00e4\u00e4 tarvittaessa pyynn\u00f6n esitt\u00e4j\u00e4\u00e4 todistamaan henkil\u00f6llisyytens\u00e4. Rekisterinpit\u00e4j\u00e4 vastaa asiakkaalle EU:n tietosuoja-asetuksessa s\u00e4\u00e4detyss\u00e4 ajassa (p\u00e4\u00e4s\u00e4\u00e4nt\u00f6isesti kuukauden kuluessa).<\/p>\n<p>[\/et_pb_text][\/et_pb_column][\/et_pb_row][\/et_pb_section]<\/p>\n","protected":false},"excerpt":{"rendered":"<p>Tietosuoja- ja rekisteriseloste T\u00e4m\u00e4 on Rukan Kide:n EU:n yleisen tietosuoja-asetuksen (GDPR) mukainen rekisteri- ja tietosuojaseloste. Laadittu 1.1.2023. Viimeisin muutos 9.1.2023. 1. Rekisterinpit\u00e4j\u00e4Rukan Kide 2. Rekisterist\u00e4 vastaava yhteyshenkil\u00f6Rukan Kide, rukankide@rukamokki.fi, 040 750 7448 3. Rekisterin nimiVuokraustoiminta 4. Oikeusperuste ja henkil\u00f6tietojen k\u00e4sittelyn tarkoitusEU:n yleisen tietosuoja-asetuksen mukainen oikeusperuste henkil\u00f6tietojen k\u00e4sittelylle on henkil\u00f6n suostumus (dokumentoitu, vapaaehtoinen, yksil\u00f6ity, tietoinen ja [&hellip;]<\/p>\n","protected":false},"author":2,"featured_media":0,"parent":0,"menu_order":0,"comment_status":"closed","ping_status":"closed","template":"","meta":{"_et_pb_use_builder":"on","_et_pb_old_content":"","_et_gb_content_width":"","footnotes":""},"class_list":["post-288","page","type-page","status-publish","hentry"],"yoast_head":"<!-- This site is optimized with the Yoast SEO plugin v27.3 - https:\/\/yoast.com\/product\/yoast-seo-wordpress\/ -->\n<title>Tietosuojaseloste | M&ouml;kki Rukalta - Rukan Kide A&amp;B<\/title>\n<meta name=\"description\" content=\"M\u00f6kki Ruka :lta. Hiihtokeskus alle 2 kilometrin p\u00e4\u00e4ss\u00e4. Tasokas varustelu.\" \/>\n<meta name=\"robots\" content=\"index, follow, max-snippet:-1, max-image-preview:large, max-video-preview:-1\" \/>\n<link rel=\"canonical\" href=\"https:\/\/rukamokki.fi\/en\/tietosuojaseloste\/\" \/>\n<meta property=\"og:locale\" content=\"en_GB\" \/>\n<meta property=\"og:type\" content=\"article\" \/>\n<meta property=\"og:title\" content=\"Tietosuojaseloste | M&ouml;kki Rukalta - Rukan Kide A&amp;B\" \/>\n<meta property=\"og:description\" content=\"M\u00f6kki Ruka :lta. Hiihtokeskus alle 2 kilometrin p\u00e4\u00e4ss\u00e4. Tasokas varustelu.\" \/>\n<meta property=\"og:url\" content=\"https:\/\/rukamokki.fi\/en\/tietosuojaseloste\/\" \/>\n<meta property=\"og:site_name\" content=\"M&ouml;kki Rukalta - Rukan Kide A&amp;B\" \/>\n<meta property=\"article:publisher\" content=\"https:\/\/facebook.com\/mokkirukalta\" \/>\n<meta property=\"article:modified_time\" content=\"2023-01-09T16:24:03+00:00\" \/>\n<meta property=\"og:image\" content=\"https:\/\/rukamokki.fi\/wp-content\/uploads\/2023\/02\/keittio_mokki.jpg\" \/>\n\t<meta property=\"og:image:width\" content=\"2048\" \/>\n\t<meta property=\"og:image:height\" content=\"1363\" \/>\n\t<meta property=\"og:image:type\" content=\"image\/jpeg\" \/>\n<meta name=\"twitter:card\" content=\"summary_large_image\" \/>\n<script type=\"application\/ld+json\" class=\"yoast-schema-graph\">{\"@context\":\"https:\\\/\\\/schema.org\",\"@graph\":[{\"@type\":\"WebPage\",\"@id\":\"https:\\\/\\\/rukamokki.fi\\\/tietosuojaseloste\\\/\",\"url\":\"https:\\\/\\\/rukamokki.fi\\\/tietosuojaseloste\\\/\",\"name\":\"Tietosuojaseloste | M&ouml;kki Rukalta - Rukan Kide A&amp;B\",\"isPartOf\":{\"@id\":\"https:\\\/\\\/rukamokki.fi\\\/#website\"},\"datePublished\":\"2023-01-09T16:22:51+00:00\",\"dateModified\":\"2023-01-09T16:24:03+00:00\",\"description\":\"M\u00f6kki Ruka :lta. Hiihtokeskus alle 2 kilometrin p\u00e4\u00e4ss\u00e4. Tasokas varustelu.\",\"breadcrumb\":{\"@id\":\"https:\\\/\\\/rukamokki.fi\\\/tietosuojaseloste\\\/#breadcrumb\"},\"inLanguage\":\"en-GB\",\"potentialAction\":[{\"@type\":\"ReadAction\",\"target\":[\"https:\\\/\\\/rukamokki.fi\\\/tietosuojaseloste\\\/\"]}]},{\"@type\":\"BreadcrumbList\",\"@id\":\"https:\\\/\\\/rukamokki.fi\\\/tietosuojaseloste\\\/#breadcrumb\",\"itemListElement\":[{\"@type\":\"ListItem\",\"position\":1,\"name\":\"Etusivu\",\"item\":\"https:\\\/\\\/rukamokki.fi\\\/\"},{\"@type\":\"ListItem\",\"position\":2,\"name\":\"Tietosuojaseloste\"}]},{\"@type\":\"WebSite\",\"@id\":\"https:\\\/\\\/rukamokki.fi\\\/#website\",\"url\":\"https:\\\/\\\/rukamokki.fi\\\/\",\"name\":\"Rukan Kide | Tasokas vuokram\u00f6kki Ruka | rukamokki.fi\",\"description\":\"Tasokas 8+2 hl\u00f6 parim\u00f6kki alle 2 km p\u00e4\u00e4ss\u00e4 Rukan hiihtokeskuksesta \u2013 Varaa unelmalomasi!\",\"publisher\":{\"@id\":\"https:\\\/\\\/rukamokki.fi\\\/#organization\"},\"alternateName\":\"M\u00f6kki Ruka\",\"potentialAction\":[{\"@type\":\"SearchAction\",\"target\":{\"@type\":\"EntryPoint\",\"urlTemplate\":\"https:\\\/\\\/rukamokki.fi\\\/?s={search_term_string}\"},\"query-input\":{\"@type\":\"PropertyValueSpecification\",\"valueRequired\":true,\"valueName\":\"search_term_string\"}}],\"inLanguage\":\"en-GB\"},{\"@type\":\"Organization\",\"@id\":\"https:\\\/\\\/rukamokki.fi\\\/#organization\",\"name\":\"M\u00f6kki Rukalta | Rukan Kide A & B\",\"url\":\"https:\\\/\\\/rukamokki.fi\\\/\",\"logo\":{\"@type\":\"ImageObject\",\"inLanguage\":\"en-GB\",\"@id\":\"https:\\\/\\\/rukamokki.fi\\\/#\\\/schema\\\/logo\\\/image\\\/\",\"url\":\"https:\\\/\\\/rukamokki.fi\\\/wp-content\\\/uploads\\\/2022\\\/11\\\/logo_some.png\",\"contentUrl\":\"https:\\\/\\\/rukamokki.fi\\\/wp-content\\\/uploads\\\/2022\\\/11\\\/logo_some.png\",\"width\":500,\"height\":500,\"caption\":\"M\u00f6kki Rukalta | Rukan Kide A & B\"},\"image\":{\"@id\":\"https:\\\/\\\/rukamokki.fi\\\/#\\\/schema\\\/logo\\\/image\\\/\"},\"sameAs\":[\"https:\\\/\\\/facebook.com\\\/mokkirukalta\",\"https:\\\/\\\/www.instagram.com\\\/rukamokki\\\/\"]}]}<\/script>\n<!-- \/ Yoast SEO plugin. -->","yoast_head_json":{"title":"Tietosuojaseloste | M&ouml;kki Rukalta - Rukan Kide A&amp;B","description":"M\u00f6kki Ruka :lta. Hiihtokeskus alle 2 kilometrin p\u00e4\u00e4ss\u00e4. Tasokas varustelu.","robots":{"index":"index","follow":"follow","max-snippet":"max-snippet:-1","max-image-preview":"max-image-preview:large","max-video-preview":"max-video-preview:-1"},"canonical":"https:\/\/rukamokki.fi\/en\/tietosuojaseloste\/","og_locale":"en_GB","og_type":"article","og_title":"Tietosuojaseloste | M&ouml;kki Rukalta - Rukan Kide A&amp;B","og_description":"M\u00f6kki Ruka :lta. Hiihtokeskus alle 2 kilometrin p\u00e4\u00e4ss\u00e4. Tasokas varustelu.","og_url":"https:\/\/rukamokki.fi\/en\/tietosuojaseloste\/","og_site_name":"M&ouml;kki Rukalta - Rukan Kide A&amp;B","article_publisher":"https:\/\/facebook.com\/mokkirukalta","article_modified_time":"2023-01-09T16:24:03+00:00","og_image":[{"width":2048,"height":1363,"url":"https:\/\/rukamokki.fi\/wp-content\/uploads\/2023\/02\/keittio_mokki.jpg","type":"image\/jpeg"}],"twitter_card":"summary_large_image","schema":{"@context":"https:\/\/schema.org","@graph":[{"@type":"WebPage","@id":"https:\/\/rukamokki.fi\/tietosuojaseloste\/","url":"https:\/\/rukamokki.fi\/tietosuojaseloste\/","name":"Tietosuojaseloste | M&ouml;kki Rukalta - Rukan Kide A&amp;B","isPartOf":{"@id":"https:\/\/rukamokki.fi\/#website"},"datePublished":"2023-01-09T16:22:51+00:00","dateModified":"2023-01-09T16:24:03+00:00","description":"M\u00f6kki Ruka :lta. Hiihtokeskus alle 2 kilometrin p\u00e4\u00e4ss\u00e4. Tasokas varustelu.","breadcrumb":{"@id":"https:\/\/rukamokki.fi\/tietosuojaseloste\/#breadcrumb"},"inLanguage":"en-GB","potentialAction":[{"@type":"ReadAction","target":["https:\/\/rukamokki.fi\/tietosuojaseloste\/"]}]},{"@type":"BreadcrumbList","@id":"https:\/\/rukamokki.fi\/tietosuojaseloste\/#breadcrumb","itemListElement":[{"@type":"ListItem","position":1,"name":"Etusivu","item":"https:\/\/rukamokki.fi\/"},{"@type":"ListItem","position":2,"name":"Tietosuojaseloste"}]},{"@type":"WebSite","@id":"https:\/\/rukamokki.fi\/#website","url":"https:\/\/rukamokki.fi\/","name":"Rukan Kide | Tasokas vuokram\u00f6kki Ruka | rukamokki.fi","description":"Tasokas 8+2 hl\u00f6 parim\u00f6kki alle 2 km p\u00e4\u00e4ss\u00e4 Rukan hiihtokeskuksesta \u2013 Varaa unelmalomasi!","publisher":{"@id":"https:\/\/rukamokki.fi\/#organization"},"alternateName":"M\u00f6kki Ruka","potentialAction":[{"@type":"SearchAction","target":{"@type":"EntryPoint","urlTemplate":"https:\/\/rukamokki.fi\/?s={search_term_string}"},"query-input":{"@type":"PropertyValueSpecification","valueRequired":true,"valueName":"search_term_string"}}],"inLanguage":"en-GB"},{"@type":"Organization","@id":"https:\/\/rukamokki.fi\/#organization","name":"M\u00f6kki Rukalta | Rukan Kide A & B","url":"https:\/\/rukamokki.fi\/","logo":{"@type":"ImageObject","inLanguage":"en-GB","@id":"https:\/\/rukamokki.fi\/#\/schema\/logo\/image\/","url":"https:\/\/rukamokki.fi\/wp-content\/uploads\/2022\/11\/logo_some.png","contentUrl":"https:\/\/rukamokki.fi\/wp-content\/uploads\/2022\/11\/logo_some.png","width":500,"height":500,"caption":"M\u00f6kki Rukalta | Rukan Kide A & B"},"image":{"@id":"https:\/\/rukamokki.fi\/#\/schema\/logo\/image\/"},"sameAs":["https:\/\/facebook.com\/mokkirukalta","https:\/\/www.instagram.com\/rukamokki\/"]}]}},"_links":{"self":[{"href":"https:\/\/rukamokki.fi\/en\/wp-json\/wp\/v2\/pages\/288","targetHints":{"allow":["GET"]}}],"collection":[{"href":"https:\/\/rukamokki.fi\/en\/wp-json\/wp\/v2\/pages"}],"about":[{"href":"https:\/\/rukamokki.fi\/en\/wp-json\/wp\/v2\/types\/page"}],"author":[{"embeddable":true,"href":"https:\/\/rukamokki.fi\/en\/wp-json\/wp\/v2\/users\/2"}],"replies":[{"embeddable":true,"href":"https:\/\/rukamokki.fi\/en\/wp-json\/wp\/v2\/comments?post=288"}],"version-history":[{"count":3,"href":"https:\/\/rukamokki.fi\/en\/wp-json\/wp\/v2\/pages\/288\/revisions"}],"predecessor-version":[{"id":292,"href":"https:\/\/rukamokki.fi\/en\/wp-json\/wp\/v2\/pages\/288\/revisions\/292"}],"wp:attachment":[{"href":"https:\/\/rukamokki.fi\/en\/wp-json\/wp\/v2\/media?parent=288"}],"curies":[{"name":"wp","href":"https:\/\/api.w.org\/{rel}","templated":true}]}}