{"id":338,"date":"2023-01-27T14:38:54","date_gmt":"2023-01-27T14:38:54","guid":{"rendered":"https:\/\/rukamokki.fi\/?page_id=338"},"modified":"2024-11-26T16:27:29","modified_gmt":"2024-11-26T16:27:29","slug":"artikkelit","status":"publish","type":"page","link":"https:\/\/rukamokki.fi\/en\/artikkelit\/","title":{"rendered":"Rukan Kide artikkelit"},"content":{"rendered":"<p>[et_pb_section fb_built=&#8221;1&#8243; admin_label=&#8221;Header&#8221; _builder_version=&#8221;4.19.0&#8243; _module_preset=&#8221;default&#8221; background_color=&#8221;gcid-f22ce391-07f1-4ce8-a74b-7c09c799a54e&#8221; collapsed=&#8221;on&#8221; global_colors_info=&#8221;{%22gcid-f22ce391-07f1-4ce8-a74b-7c09c799a54e%22:%91%22background_color%22%93}&#8221;][et_pb_row use_custom_gutter=&#8221;on&#8221; gutter_width=&#8221;2&#8243; _builder_version=&#8221;4.19.5&#8243; _module_preset=&#8221;default&#8221; global_colors_info=&#8221;{}&#8221;][et_pb_column type=&#8221;4_4&#8243; _builder_version=&#8221;4.19.0&#8243; _module_preset=&#8221;default&#8221; global_colors_info=&#8221;{}&#8221;][et_pb_text _builder_version=&#8221;4.22.2&#8243; _module_preset=&#8221;c16985e1-e0d6-4022-964d-e2bfc04fa633&#8243; header_font=&#8221;Antic Didone||||||||&#8221; header_font_size=&#8221;72px&#8221; header_line_height=&#8221;1.35em&#8221; text_orientation=&#8221;center&#8221; header_font_size_tablet=&#8221;40px&#8221; header_font_size_phone=&#8221;24px&#8221; header_font_size_last_edited=&#8221;on|desktop&#8221; global_colors_info=&#8221;{}&#8221;]<\/p>\n<h1>Rukan Kide artikkelit<\/h1>\n<p>[\/et_pb_text][et_pb_blog fullwidth=&#8221;off&#8221; posts_number=&#8221;3&#8243; include_categories=&#8221;all&#8221; meta_date=&#8221;d.m.Y&#8221; show_more=&#8221;on&#8221; show_author=&#8221;off&#8221; masonry_tile_background_color=&#8221;RGBA(255,255,255,0)&#8221; _builder_version=&#8221;4.19.5&#8243; _module_preset=&#8221;60a747c9-e29a-4437-a774-58a9e45cf3a3&#8243; header_font=&#8221;||||||||&#8221; header_font_size=&#8221;20px&#8221; header_line_height=&#8221;1.4em&#8221; body_line_height=&#8221;1.6em&#8221; meta_font=&#8221;|||on|||||&#8221; meta_text_color=&#8221;#80694A&#8221; read_more_font=&#8221;|700||on|||||&#8221; read_more_text_color=&#8221;#c48662&#8243; pagination_font=&#8221;Antic Didone||||||||&#8221; pagination_text_color=&#8221;#000000&#8243; pagination_font_size=&#8221;19px&#8221; header_font_size_tablet=&#8221;20px&#8221; header_font_size_phone=&#8221;20px&#8221; header_font_size_last_edited=&#8221;on|phone&#8221; body_font_size_tablet=&#8221;13px&#8221; body_font_size_phone=&#8221;13px&#8221; body_font_size_last_edited=&#8221;on|desktop&#8221; pagination_font_size_tablet=&#8221;16px&#8221; pagination_font_size_phone=&#8221;15px&#8221; pagination_font_size_last_edited=&#8221;on|desktop&#8221; border_color_all=&#8221;#000000&#8243; border_width_all_image=&#8221;1px&#8221; border_color_all_image=&#8221;#000000&#8243; border_width_bottom_image=&#8221;0px&#8221; locked=&#8221;off&#8221; global_colors_info=&#8221;{}&#8221;][\/et_pb_blog][\/et_pb_column][\/et_pb_row][\/et_pb_section][et_pb_section fb_built=&#8221;1&#8243; _builder_version=&#8221;4.19.5&#8243; _module_preset=&#8221;default&#8221; background_color=&#8221;rgba(160,172,189,0.23)&#8221; global_colors_info=&#8221;{}&#8221;][et_pb_row _builder_version=&#8221;4.21.0&#8243; _module_preset=&#8221;default&#8221; custom_padding=&#8221;||2px|||&#8221; global_colors_info=&#8221;{}&#8221; locked=&#8221;off&#8221;][et_pb_column type=&#8221;4_4&#8243; _builder_version=&#8221;4.21.0&#8243; _module_preset=&#8221;default&#8221; global_colors_info=&#8221;{}&#8221;][et_pb_text _builder_version=&#8221;4.24.2&#8243; _module_preset=&#8221;default&#8221; text_font_size=&#8221;17px&#8221; header_2_text_align=&#8221;center&#8221; header_2_text_color=&#8221;#007D52&#8243; header_2_font_size=&#8221;47px&#8221; text_orientation=&#8221;center&#8221; header_2_font_size_tablet=&#8221;39px&#8221; header_2_font_size_phone=&#8221;29px&#8221; header_2_font_size_last_edited=&#8221;on|phone&#8221; global_colors_info=&#8221;{}&#8221;]<\/p>\n<h2>Vuokram\u00f6kin varaaminen &#8211; majoitus Rukalla<\/h2>\n<p>Viikon mittaiset varaukset ovat p\u00e4\u00e4s\u00e4\u00e4nt\u00f6isesti lauantaista lauantaihin, tulo klo 16:00 ja l\u00e4ht\u00f6 klo 12:00. Minimiveloitus vuokrauksesta on kolme p\u00e4iv\u00e4\u00e4. Vuokraan sis\u00e4ltyy 2 hissilippua, joita voi k\u00e4ytt\u00e4\u00e4 rajattomasti (talvikausi 24-25). <strong>Sesonkiaikana loppusiivous sis\u00e4ltyy vuokraan.<\/strong><\/p>\n<p>[\/et_pb_text][\/et_pb_column][\/et_pb_row][et_pb_row column_structure=&#8221;1_2,1_2&#8243; use_custom_gutter=&#8221;on&#8221; gutter_width=&#8221;2&#8243; _builder_version=&#8221;4.27.4&#8243; _module_preset=&#8221;default&#8221; width=&#8221;90%&#8221; custom_margin=&#8221;25px||||false|false&#8221; custom_margin_tablet=&#8221;0px||||false|false&#8221; custom_margin_phone=&#8221;0px||||false|false&#8221; custom_margin_last_edited=&#8221;on|phone&#8221; custom_padding=&#8221;||||false|false&#8221; global_colors_info=&#8221;{}&#8221; global_module=&#8221;1255&#8243; theme_builder_area=&#8221;post_content&#8221;][et_pb_column type=&#8221;1_2&#8243; _builder_version=&#8221;4.27.4&#8243; _module_preset=&#8221;default&#8221; background_enable_color=&#8221;off&#8221; global_colors_info=&#8221;{}&#8221; theme_builder_area=&#8221;post_content&#8221;][et_pb_text disabled_on=&#8221;off|off|on&#8221; module_id=&#8221;A&#8221; _builder_version=&#8221;4.27.2&#8243; _module_preset=&#8221;default&#8221; custom_padding=&#8221;25px||25px||true|false&#8221; global_colors_info=&#8221;{}&#8221; theme_builder_area=&#8221;post_content&#8221;][\/et_pb_text][et_pb_text module_id=&#8221;A&#8221; _builder_version=&#8221;4.27.4&#8243; _module_preset=&#8221;default&#8221; text_text_color=&#8221;#FFFFFF&#8221; text_font_size=&#8221;16px&#8221; ul_text_color=&#8221;#FFFFFF&#8221; header_2_text_color=&#8221;#007D52&#8243; header_2_font_size=&#8221;47px&#8221; header_3_font=&#8221;|600||on|||||&#8221; header_3_text_color=&#8221;#FFFFFF&#8221; header_3_letter_spacing=&#8221;1px&#8221; header_4_font=&#8221;||||on||||&#8221; header_4_text_color=&#8221;#FFFFFF&#8221; background_color=&#8221;#007D52&#8243; custom_margin_tablet=&#8221;&#8221; custom_margin_phone=&#8221;&#8221; custom_margin_last_edited=&#8221;on|desktop&#8221; custom_padding=&#8221;20px|20px|20px|20px|false|true&#8221; custom_padding_tablet=&#8221;40px||||false|true&#8221; custom_padding_phone=&#8221;75px||||false|true&#8221; custom_padding_last_edited=&#8221;on|tablet&#8221; header_2_font_size_tablet=&#8221;38px&#8221; header_2_font_size_phone=&#8221;26px&#8221; header_2_font_size_last_edited=&#8221;on|phone&#8221; header_3_font_size_tablet=&#8221;&#8221; header_3_font_size_phone=&#8221;&#8221; header_3_font_size_last_edited=&#8221;on|desktop&#8221; border_radii=&#8221;on|20px|20px|20px|20px&#8221; global_colors_info=&#8221;{}&#8221; theme_builder_area=&#8221;post_content&#8221;]<\/p>\n<h3>A-puolen varaustilanne<\/h3>\n<h4>Sesongin ulkopuolella voit my\u00f6s siivota itse, jolloin siivousmaksua ei veloiteta.<\/h4>\n<h3><strong>2024<\/strong><\/h3>\n<p>Vuoden 2024 viikot varattu.<\/p>\n<h3><strong>2025<\/strong><\/h3>\n<p>Uusi vuosi: Varattu<br \/>Vkot 2-3:\u00a0Varattu<br \/>Vko 4: Vapaa 19.1.-25.1.2025 890e itse siivottuna (siivous +150e)<br \/>Vko 5: Vapaa 1040e itse siivottuna (siivous +150e)<br \/>Vkot 6-11: Varattu<br \/>Vkot 12-15: Vapaa 1890e<br \/>Vko 16: Vapaa 2190e<br \/>P\u00e4\u00e4si\u00e4inen Vapaa 2190e<br \/>Vko 17: 790e itse siivottuna (siivous +150e)<br \/>Vko 18: 990e itse siivottuna (siivous +150e)<\/p>\n<p><strong>Kysy tarjous muista viikoista tai viikkoa lyhyemmist\u00e4 varauksista.<\/strong><\/p>\n<p>[\/et_pb_text][et_pb_button button_url=&#8221;mailto:rukankide@rukamokki.fi&#8221; button_text=&#8221;Varaa m\u00f6kki t\u00e4st\u00e4&#8221; _builder_version=&#8221;4.21.0&#8243; _module_preset=&#8221;default&#8221; custom_button=&#8221;on&#8221; button_text_color=&#8221;#FFFFFF&#8221; button_bg_color=&#8221;#4D3A1E&#8221; button_border_color=&#8221;#4D3A1E&#8221; button_icon_color=&#8221;#FFFFFF&#8221; global_colors_info=&#8221;{}&#8221; button_border_radius__hover_enabled=&#8221;on|hover&#8221; button_border_radius__hover=&#8221;30px&#8221; theme_builder_area=&#8221;post_content&#8221;][\/et_pb_button][et_pb_text _builder_version=&#8221;4.21.0&#8243; _module_preset=&#8221;default&#8221; global_colors_info=&#8221;{}&#8221; theme_builder_area=&#8221;post_content&#8221;]<\/p>\n<p>Tai l\u00e4het\u00e4 s\u00e4hk\u00f6postia <a href=\"mailto:rukankide@rukamokki.fi\">rukankide@rukamokki.fi<\/a><\/p>\n<p>[\/et_pb_text][\/et_pb_column][et_pb_column type=&#8221;1_2&#8243; _builder_version=&#8221;4.21.0&#8243; _module_preset=&#8221;default&#8221; background_enable_color=&#8221;off&#8221; global_colors_info=&#8221;{}&#8221; theme_builder_area=&#8221;post_content&#8221;][et_pb_text disabled_on=&#8221;off|off|on&#8221; module_id=&#8221;B&#8221; _builder_version=&#8221;4.27.2&#8243; _module_preset=&#8221;default&#8221; custom_padding=&#8221;25px||25px||true|false&#8221; global_colors_info=&#8221;{}&#8221; theme_builder_area=&#8221;post_content&#8221;][\/et_pb_text][et_pb_text module_id=&#8221;B&#8221; _builder_version=&#8221;4.27.4&#8243; _module_preset=&#8221;default&#8221; text_text_color=&#8221;#FFFFFF&#8221; text_font_size=&#8221;16px&#8221; ul_text_color=&#8221;#FFFFFF&#8221; header_3_font=&#8221;|600||on|||||&#8221; header_3_text_color=&#8221;#FFFFFF&#8221; header_3_letter_spacing=&#8221;1px&#8221; header_4_font=&#8221;||||on||||&#8221; header_4_text_color=&#8221;#FFFFFF&#8221; background_color=&#8221;#80694A&#8221; custom_margin=&#8221;||||false|false&#8221; custom_margin_tablet=&#8221;&#8221; custom_margin_phone=&#8221;&#8221; custom_margin_last_edited=&#8221;on|desktop&#8221; custom_padding=&#8221;20px|20px|20px|20px|false|true&#8221; custom_padding_tablet=&#8221;40px||||false|true&#8221; custom_padding_phone=&#8221;75px||||false|true&#8221; custom_padding_last_edited=&#8221;on|tablet&#8221; header_3_font_size_tablet=&#8221;&#8221; header_3_font_size_phone=&#8221;&#8221; header_3_font_size_last_edited=&#8221;on|desktop&#8221; border_radii=&#8221;on|20px|20px|20px|20px&#8221; global_colors_info=&#8221;{}&#8221; custom_margin__hover_enabled=&#8221;off|desktop&#8221; theme_builder_area=&#8221;post_content&#8221;]<\/p>\n<h3>B-puolen varaustilanne<\/h3>\n<h4>Sesongin ulkopuolella voit my\u00f6s siivota itse, jolloin siivousmaksua ei veloiteta.<\/h4>\n<h3>2024<\/h3>\n<p>Vko 47: Vapaa 980e itse siivottuna (siivous +150e)<br \/>Vko 48: Vapaa 23.-29.11. 825e itse siivottuna (siivous +150e)<br \/>Vkot 49-51: Varattu<br \/>Joulu 2024: Varattu<\/p>\n<h3><strong>2025<\/strong><\/h3>\n<p>Uusivuosi: Varattu<br \/>Vko 2: Varattu<br \/>Vko 3: Varattu 15.-19.1.<br \/>Vkot 4-5: Vapaa 1040e itse siivottuna (siivous +150e)<br \/>Vkot 6-12: Varattu<br \/>Vkot 13-15: Vapaa 1890e<br \/>P\u00e4\u00e4si\u00e4inen: Vapaa 2190e<br \/>Vko 17: 790e itse siivottuna (siivous +150e)<br \/>Vko 18: 790e itse siivottuna (siivous +150e)<\/p>\n<p><strong>Kysy tarjous muista viikoista tai viikkoa lyhyemmist\u00e4 varauksista.<\/strong><\/p>\n<p>[\/et_pb_text][et_pb_button button_url=&#8221;#A&#8221; button_text=&#8221;Katson viel\u00e4 A-puolta&#8221; button_alignment=&#8221;left&#8221; disabled_on=&#8221;off|off|on&#8221; _builder_version=&#8221;4.21.0&#8243; _module_preset=&#8221;default&#8221; custom_button=&#8221;on&#8221; button_text_color=&#8221;#FFFFFF&#8221; button_bg_color=&#8221;#007D52&#8243; button_border_color=&#8221;#007D52&#8243; global_colors_info=&#8221;{}&#8221; button_border_radius__hover_enabled=&#8221;on|hover&#8221; button_border_radius__hover=&#8221;30px&#8221; theme_builder_area=&#8221;post_content&#8221;][\/et_pb_button][et_pb_button button_url=&#8221;mailto:rukankide@rukamokki.fi&#8221; button_text=&#8221;Varaa m\u00f6kki t\u00e4st\u00e4&#8221; disabled_on=&#8221;off|off|on&#8221; _builder_version=&#8221;4.21.0&#8243; _module_preset=&#8221;default&#8221; custom_button=&#8221;on&#8221; button_text_color=&#8221;#FFFFFF&#8221; button_bg_color=&#8221;#4D3A1E&#8221; button_border_color=&#8221;#4D3A1E&#8221; button_icon_color=&#8221;#FFFFFF&#8221; global_colors_info=&#8221;{}&#8221; button_border_radius__hover_enabled=&#8221;on|hover&#8221; button_border_radius__hover=&#8221;30px&#8221; theme_builder_area=&#8221;post_content&#8221;][\/et_pb_button][et_pb_text disabled_on=&#8221;off|off|on&#8221; _builder_version=&#8221;4.21.0&#8243; _module_preset=&#8221;default&#8221; global_colors_info=&#8221;{}&#8221; theme_builder_area=&#8221;post_content&#8221;]<\/p>\n<p>Tai l\u00e4het\u00e4 s\u00e4hk\u00f6postia <a href=\"mailto:rukankide@rukamokki.fi\">rukankide@rukamokki.fi<\/a><\/p>\n<p>[\/et_pb_text][\/et_pb_column][\/et_pb_row][\/et_pb_section]<\/p>\n","protected":false},"excerpt":{"rendered":"<p>Rukan Kide artikkelitVuokram\u00f6kin varaaminen &#8211; majoitus Rukalla Viikon mittaiset varaukset ovat p\u00e4\u00e4s\u00e4\u00e4nt\u00f6isesti lauantaista lauantaihin, tulo klo 16:00 ja l\u00e4ht\u00f6 klo 12:00. Minimiveloitus vuokrauksesta on kolme p\u00e4iv\u00e4\u00e4. Vuokraan sis\u00e4ltyy 2 hissilippua, joita voi k\u00e4ytt\u00e4\u00e4 rajattomasti (talvikausi 24-25). Sesonkiaikana loppusiivous sis\u00e4ltyy vuokraan.A-puolen varaustilanne Sesongin ulkopuolella voit my\u00f6s siivota itse, jolloin siivousmaksua ei veloiteta. 2024 Vuoden 2024 viikot [&hellip;]<\/p>\n","protected":false},"author":2,"featured_media":0,"parent":0,"menu_order":0,"comment_status":"closed","ping_status":"closed","template":"","meta":{"_et_pb_use_builder":"on","_et_pb_old_content":"","_et_gb_content_width":"","footnotes":""},"class_list":["post-338","page","type-page","status-publish","hentry"],"yoast_head":"<!-- This site is optimized with the Yoast SEO plugin v27.3 - https:\/\/yoast.com\/product\/yoast-seo-wordpress\/ -->\n<title>Rukan Kide artikkelit | M&ouml;kki Rukalta - Rukan Kide A&amp;B<\/title>\n<meta name=\"description\" content=\"M\u00f6kki Rukalta 10 tai jopa 20 henkil\u00f6lle. Hiihtokeskus alle 2 kilometrin p\u00e4\u00e4ss\u00e4. Tasokas varustelu.\" \/>\n<meta name=\"robots\" content=\"index, follow, max-snippet:-1, max-image-preview:large, max-video-preview:-1\" \/>\n<link rel=\"canonical\" href=\"https:\/\/rukamokki.fi\/en\/artikkelit\/\" \/>\n<meta property=\"og:locale\" content=\"en_GB\" \/>\n<meta property=\"og:type\" content=\"article\" \/>\n<meta property=\"og:title\" content=\"Rukan Kide artikkelit | M&ouml;kki Rukalta - Rukan Kide A&amp;B\" \/>\n<meta property=\"og:description\" content=\"M\u00f6kki Rukalta 10 tai jopa 20 henkil\u00f6lle. Hiihtokeskus alle 2 kilometrin p\u00e4\u00e4ss\u00e4. Tasokas varustelu.\" \/>\n<meta property=\"og:url\" content=\"https:\/\/rukamokki.fi\/en\/artikkelit\/\" \/>\n<meta property=\"og:site_name\" content=\"M&ouml;kki Rukalta - Rukan Kide A&amp;B\" \/>\n<meta property=\"article:publisher\" content=\"https:\/\/facebook.com\/mokkirukalta\" \/>\n<meta property=\"article:modified_time\" content=\"2024-11-26T16:27:29+00:00\" \/>\n<meta property=\"og:image\" content=\"https:\/\/rukamokki.fi\/wp-content\/uploads\/2023\/02\/keittio_mokki.jpg\" \/>\n\t<meta property=\"og:image:width\" content=\"2048\" \/>\n\t<meta property=\"og:image:height\" content=\"1363\" \/>\n\t<meta property=\"og:image:type\" content=\"image\/jpeg\" \/>\n<meta name=\"twitter:card\" content=\"summary_large_image\" \/>\n<meta name=\"twitter:label1\" content=\"Estimated reading time\" \/>\n\t<meta name=\"twitter:data1\" content=\"2 minutes\" \/>\n<script type=\"application\/ld+json\" class=\"yoast-schema-graph\">{\"@context\":\"https:\\\/\\\/schema.org\",\"@graph\":[{\"@type\":\"WebPage\",\"@id\":\"https:\\\/\\\/rukamokki.fi\\\/artikkelit\\\/\",\"url\":\"https:\\\/\\\/rukamokki.fi\\\/artikkelit\\\/\",\"name\":\"Rukan Kide artikkelit | M&ouml;kki Rukalta - Rukan Kide A&amp;B\",\"isPartOf\":{\"@id\":\"https:\\\/\\\/rukamokki.fi\\\/#website\"},\"datePublished\":\"2023-01-27T14:38:54+00:00\",\"dateModified\":\"2024-11-26T16:27:29+00:00\",\"description\":\"M\u00f6kki Rukalta 10 tai jopa 20 henkil\u00f6lle. Hiihtokeskus alle 2 kilometrin p\u00e4\u00e4ss\u00e4. Tasokas varustelu.\",\"breadcrumb\":{\"@id\":\"https:\\\/\\\/rukamokki.fi\\\/artikkelit\\\/#breadcrumb\"},\"inLanguage\":\"en-GB\",\"potentialAction\":[{\"@type\":\"ReadAction\",\"target\":[\"https:\\\/\\\/rukamokki.fi\\\/artikkelit\\\/\"]}]},{\"@type\":\"BreadcrumbList\",\"@id\":\"https:\\\/\\\/rukamokki.fi\\\/artikkelit\\\/#breadcrumb\",\"itemListElement\":[{\"@type\":\"ListItem\",\"position\":1,\"name\":\"Etusivu\",\"item\":\"https:\\\/\\\/rukamokki.fi\\\/\"},{\"@type\":\"ListItem\",\"position\":2,\"name\":\"Rukan Kide artikkelit\"}]},{\"@type\":\"WebSite\",\"@id\":\"https:\\\/\\\/rukamokki.fi\\\/#website\",\"url\":\"https:\\\/\\\/rukamokki.fi\\\/\",\"name\":\"Rukan Kide | Tasokas vuokram\u00f6kki Ruka | rukamokki.fi\",\"description\":\"Tasokas 8+2 hl\u00f6 parim\u00f6kki alle 2 km p\u00e4\u00e4ss\u00e4 Rukan hiihtokeskuksesta \u2013 Varaa unelmalomasi!\",\"publisher\":{\"@id\":\"https:\\\/\\\/rukamokki.fi\\\/#organization\"},\"alternateName\":\"M\u00f6kki Ruka\",\"potentialAction\":[{\"@type\":\"SearchAction\",\"target\":{\"@type\":\"EntryPoint\",\"urlTemplate\":\"https:\\\/\\\/rukamokki.fi\\\/?s={search_term_string}\"},\"query-input\":{\"@type\":\"PropertyValueSpecification\",\"valueRequired\":true,\"valueName\":\"search_term_string\"}}],\"inLanguage\":\"en-GB\"},{\"@type\":\"Organization\",\"@id\":\"https:\\\/\\\/rukamokki.fi\\\/#organization\",\"name\":\"M\u00f6kki Rukalta | Rukan Kide A & B\",\"url\":\"https:\\\/\\\/rukamokki.fi\\\/\",\"logo\":{\"@type\":\"ImageObject\",\"inLanguage\":\"en-GB\",\"@id\":\"https:\\\/\\\/rukamokki.fi\\\/#\\\/schema\\\/logo\\\/image\\\/\",\"url\":\"https:\\\/\\\/rukamokki.fi\\\/wp-content\\\/uploads\\\/2022\\\/11\\\/logo_some.png\",\"contentUrl\":\"https:\\\/\\\/rukamokki.fi\\\/wp-content\\\/uploads\\\/2022\\\/11\\\/logo_some.png\",\"width\":500,\"height\":500,\"caption\":\"M\u00f6kki Rukalta | Rukan Kide A & B\"},\"image\":{\"@id\":\"https:\\\/\\\/rukamokki.fi\\\/#\\\/schema\\\/logo\\\/image\\\/\"},\"sameAs\":[\"https:\\\/\\\/facebook.com\\\/mokkirukalta\",\"https:\\\/\\\/www.instagram.com\\\/rukamokki\\\/\"]}]}<\/script>\n<!-- \/ Yoast SEO plugin. -->","yoast_head_json":{"title":"Rukan Kide artikkelit | M&ouml;kki Rukalta - Rukan Kide A&amp;B","description":"M\u00f6kki Rukalta 10 tai jopa 20 henkil\u00f6lle. Hiihtokeskus alle 2 kilometrin p\u00e4\u00e4ss\u00e4. Tasokas varustelu.","robots":{"index":"index","follow":"follow","max-snippet":"max-snippet:-1","max-image-preview":"max-image-preview:large","max-video-preview":"max-video-preview:-1"},"canonical":"https:\/\/rukamokki.fi\/en\/artikkelit\/","og_locale":"en_GB","og_type":"article","og_title":"Rukan Kide artikkelit | M&ouml;kki Rukalta - Rukan Kide A&amp;B","og_description":"M\u00f6kki Rukalta 10 tai jopa 20 henkil\u00f6lle. Hiihtokeskus alle 2 kilometrin p\u00e4\u00e4ss\u00e4. Tasokas varustelu.","og_url":"https:\/\/rukamokki.fi\/en\/artikkelit\/","og_site_name":"M&ouml;kki Rukalta - Rukan Kide A&amp;B","article_publisher":"https:\/\/facebook.com\/mokkirukalta","article_modified_time":"2024-11-26T16:27:29+00:00","og_image":[{"width":2048,"height":1363,"url":"https:\/\/rukamokki.fi\/wp-content\/uploads\/2023\/02\/keittio_mokki.jpg","type":"image\/jpeg"}],"twitter_card":"summary_large_image","twitter_misc":{"Estimated reading time":"2 minutes"},"schema":{"@context":"https:\/\/schema.org","@graph":[{"@type":"WebPage","@id":"https:\/\/rukamokki.fi\/artikkelit\/","url":"https:\/\/rukamokki.fi\/artikkelit\/","name":"Rukan Kide artikkelit | M&ouml;kki Rukalta - Rukan Kide A&amp;B","isPartOf":{"@id":"https:\/\/rukamokki.fi\/#website"},"datePublished":"2023-01-27T14:38:54+00:00","dateModified":"2024-11-26T16:27:29+00:00","description":"M\u00f6kki Rukalta 10 tai jopa 20 henkil\u00f6lle. Hiihtokeskus alle 2 kilometrin p\u00e4\u00e4ss\u00e4. Tasokas varustelu.","breadcrumb":{"@id":"https:\/\/rukamokki.fi\/artikkelit\/#breadcrumb"},"inLanguage":"en-GB","potentialAction":[{"@type":"ReadAction","target":["https:\/\/rukamokki.fi\/artikkelit\/"]}]},{"@type":"BreadcrumbList","@id":"https:\/\/rukamokki.fi\/artikkelit\/#breadcrumb","itemListElement":[{"@type":"ListItem","position":1,"name":"Etusivu","item":"https:\/\/rukamokki.fi\/"},{"@type":"ListItem","position":2,"name":"Rukan Kide artikkelit"}]},{"@type":"WebSite","@id":"https:\/\/rukamokki.fi\/#website","url":"https:\/\/rukamokki.fi\/","name":"Rukan Kide | Tasokas vuokram\u00f6kki Ruka | rukamokki.fi","description":"Tasokas 8+2 hl\u00f6 parim\u00f6kki alle 2 km p\u00e4\u00e4ss\u00e4 Rukan hiihtokeskuksesta \u2013 Varaa unelmalomasi!","publisher":{"@id":"https:\/\/rukamokki.fi\/#organization"},"alternateName":"M\u00f6kki Ruka","potentialAction":[{"@type":"SearchAction","target":{"@type":"EntryPoint","urlTemplate":"https:\/\/rukamokki.fi\/?s={search_term_string}"},"query-input":{"@type":"PropertyValueSpecification","valueRequired":true,"valueName":"search_term_string"}}],"inLanguage":"en-GB"},{"@type":"Organization","@id":"https:\/\/rukamokki.fi\/#organization","name":"M\u00f6kki Rukalta | Rukan Kide A & B","url":"https:\/\/rukamokki.fi\/","logo":{"@type":"ImageObject","inLanguage":"en-GB","@id":"https:\/\/rukamokki.fi\/#\/schema\/logo\/image\/","url":"https:\/\/rukamokki.fi\/wp-content\/uploads\/2022\/11\/logo_some.png","contentUrl":"https:\/\/rukamokki.fi\/wp-content\/uploads\/2022\/11\/logo_some.png","width":500,"height":500,"caption":"M\u00f6kki Rukalta | Rukan Kide A & B"},"image":{"@id":"https:\/\/rukamokki.fi\/#\/schema\/logo\/image\/"},"sameAs":["https:\/\/facebook.com\/mokkirukalta","https:\/\/www.instagram.com\/rukamokki\/"]}]}},"_links":{"self":[{"href":"https:\/\/rukamokki.fi\/en\/wp-json\/wp\/v2\/pages\/338","targetHints":{"allow":["GET"]}}],"collection":[{"href":"https:\/\/rukamokki.fi\/en\/wp-json\/wp\/v2\/pages"}],"about":[{"href":"https:\/\/rukamokki.fi\/en\/wp-json\/wp\/v2\/types\/page"}],"author":[{"embeddable":true,"href":"https:\/\/rukamokki.fi\/en\/wp-json\/wp\/v2\/users\/2"}],"replies":[{"embeddable":true,"href":"https:\/\/rukamokki.fi\/en\/wp-json\/wp\/v2\/comments?post=338"}],"version-history":[{"count":10,"href":"https:\/\/rukamokki.fi\/en\/wp-json\/wp\/v2\/pages\/338\/revisions"}],"predecessor-version":[{"id":1259,"href":"https:\/\/rukamokki.fi\/en\/wp-json\/wp\/v2\/pages\/338\/revisions\/1259"}],"wp:attachment":[{"href":"https:\/\/rukamokki.fi\/en\/wp-json\/wp\/v2\/media?parent=338"}],"curies":[{"name":"wp","href":"https:\/\/api.w.org\/{rel}","templated":true}]}}